{"id":319,"date":"2018-03-21T13:09:23","date_gmt":"2018-03-21T13:09:23","guid":{"rendered":"http:\/\/demo.curlythemes.com\/private-jet\/?page_id=319"},"modified":"2022-02-28T18:16:40","modified_gmt":"2022-02-28T17:16:40","slug":"private-jet-2","status":"publish","type":"page","link":"https:\/\/www.gropposlovak.sk\/?page_id=319","title":{"rendered":"Gal\u00e9ria"},"content":{"rendered":"[vc_section][vc_row equal_height=&#8220;yes&#8220; content_placement=&#8220;middle&#8220;][vc_column width=&#8220;1\/3&#8243; el_class=&#8220;z-index&#8211;2&#8243;][vc_empty_space height=&#8220;4rem&#8220;][vc_video link=&#8220;https:\/\/www.youtube.com\/watch?v=8wKU5aVG_uM&#8220; css_animation=&#8220;fadeInLeft&#8220; el_class=&#8220;xtd-responsive-margin-negative&#8211;right-80&#8243;][vc_empty_space height=&#8220;2rem&#8220;][\/vc_column][vc_column width=&#8220;2\/3&#8243; css=&#8220;.vc_custom_1521565908570{border-top-width: 10px !important;border-right-width: 10px !important;border-bottom-width: 10px !important;border-left-width: 10px !important;border-left-color: #f4f3f1 !important;border-left-style: solid !important;border-right-color: #f4f3f1 !important;border-right-style: solid !important;border-top-color: #f4f3f1 !important;border-top-style: solid !important;border-bottom-color: #f4f3f1 !important;border-bottom-style: solid !important;}&#8220;][vc_row_inner][vc_column_inner width=&#8220;1\/2&#8243; offset=&#8220;vc_col-sm-offset-5&#8243;][vc_column_text]\n<h5>Groppo TRAIL<\/h5>\n<p>Extr\u00e9mne kr\u00e1tky vzlet a prist\u00e1tie s motorom Rotax 914 (115 hp)[\/vc_column_text][\/vc_column_inner][\/vc_row_inner][\/vc_column][\/vc_row][\/vc_section][vc_section][vc_row equal_height=&#8220;yes&#8220; content_placement=&#8220;middle&#8220;][vc_column width=&#8220;2\/3&#8243; css=&#8220;.vc_custom_1616477323458{border-top-width: 10px !important;border-right-width: 10px !important;border-bottom-width: 10px !important;border-left-width: 10px !important;border-left-color: #f4f3f1 !important;border-left-style: solid !important;border-right-color: #f4f3f1 !important;border-right-style: solid !important;border-top-color: #f4f3f1 !important;border-top-style: solid !important;border-bottom-color: #f4f3f1 !important;border-bottom-style: solid !important;}&#8220;][vc_row_inner][vc_column_inner width=&#8220;1\/2&#8243;][vc_column_text]\n<h5>Groppo TRAIL<\/h5>\n<p>Let spolu s Ing. Nando Groppo, pilotom a v\u00fdrobcom lietadla[\/vc_column_text][\/vc_column_inner][\/vc_row_inner][\/vc_column][vc_column width=&#8220;1\/3&#8243; el_class=&#8220;z-index&#8211;2&#8243;][vc_empty_space height=&#8220;4rem&#8220;][vc_video link=&#8220;https:\/\/www.youtube.com\/watch?v=JvOsjPurVjQ&#8220; css_animation=&#8220;fadeInLeft&#8220; el_class=&#8220;xtd-responsive-margin-negative&#8211;left-80&#8243;][vc_empty_space height=&#8220;2rem&#8220;][\/vc_column][\/vc_row][\/vc_section][vc_section][vc_row equal_height=&#8220;yes&#8220; content_placement=&#8220;middle&#8220;][vc_column width=&#8220;1\/3&#8243; el_class=&#8220;z-index&#8211;2&#8243;][vc_empty_space height=&#8220;4rem&#8220;][vc_video link=&#8220;https:\/\/www.youtube.com\/watch?v=huuaUOmzk5U&#8220; css_animation=&#8220;fadeInLeft&#8220; el_class=&#8220;xtd-responsive-margin-negative&#8211;right-80&#8243;][vc_empty_space height=&#8220;2rem&#8220;][\/vc_column][vc_column width=&#8220;2\/3&#8243; css=&#8220;.vc_custom_1521565908570{border-top-width: 10px !important;border-right-width: 10px !important;border-bottom-width: 10px !important;border-left-width: 10px !important;border-left-color: #f4f3f1 !important;border-left-style: solid !important;border-right-color: #f4f3f1 !important;border-right-style: solid !important;border-top-color: #f4f3f1 !important;border-top-style: solid !important;border-bottom-color: #f4f3f1 !important;border-bottom-style: solid !important;}&#8220;][vc_row_inner][vc_column_inner width=&#8220;1\/2&#8243; offset=&#8220;vc_col-sm-offset-5&#8243;][vc_column_text]\n<h5>Groppo G70<\/h5>\n<p>Od n\u00e1padu k oblakom[\/vc_column_text][\/vc_column_inner][\/vc_row_inner][\/vc_column][\/vc_row][\/vc_section][vc_section][vc_row equal_height=&#8220;yes&#8220; content_placement=&#8220;middle&#8220;][vc_column width=&#8220;2\/3&#8243; css=&#8220;.vc_custom_1616477323458{border-top-width: 10px !important;border-right-width: 10px !important;border-bottom-width: 10px !important;border-left-width: 10px !important;border-left-color: #f4f3f1 !important;border-left-style: solid !important;border-right-color: #f4f3f1 !important;border-right-style: solid !important;border-top-color: #f4f3f1 !important;border-top-style: solid !important;border-bottom-color: #f4f3f1 !important;border-bottom-style: solid !important;}&#8220;][vc_row_inner][vc_column_inner width=&#8220;1\/2&#8243;][vc_column_text]\n<h5>Groppo G70<\/h5>\n<p>Predstavenie[\/vc_column_text][\/vc_column_inner][\/vc_row_inner][\/vc_column][vc_column width=&#8220;1\/3&#8243; el_class=&#8220;z-index&#8211;2&#8243;][vc_empty_space height=&#8220;4rem&#8220;][vc_video link=&#8220;https:\/\/www.youtube.com\/watch?v=kzixpVU7FdI&#8220; css_animation=&#8220;fadeInLeft&#8220; el_class=&#8220;xtd-responsive-margin-negative&#8211;left-80&#8243;][vc_empty_space height=&#8220;2rem&#8220;][\/vc_column][\/vc_row][\/vc_section][vc_row equal_height=&#8220;yes&#8220; content_placement=&#8220;middle&#8220;][vc_column width=&#8220;1\/3&#8243; el_class=&#8220;z-index&#8211;2&#8243;][vc_empty_space height=&#8220;4rem&#8220;][vc_video link=&#8220;https:\/\/www.youtube.com\/watch?v=sRPbrah4J5M&#8220; css_animation=&#8220;fadeInLeft&#8220; el_class=&#8220;xtd-responsive-margin-negative&#8211;right-80&#8243;][vc_empty_space height=&#8220;2rem&#8220;][\/vc_column][vc_column width=&#8220;2\/3&#8243; css=&#8220;.vc_custom_1521565908570{border-top-width: 10px !important;border-right-width: 10px !important;border-bottom-width: 10px !important;border-left-width: 10px !important;border-left-color: #f4f3f1 !important;border-left-style: solid !important;border-right-color: #f4f3f1 !important;border-right-style: solid !important;border-top-color: #f4f3f1 !important;border-top-style: solid !important;border-bottom-color: #f4f3f1 !important;border-bottom-style: solid !important;}&#8220;][vc_row_inner][vc_column_inner width=&#8220;1\/2&#8243; offset=&#8220;vc_col-sm-offset-5&#8243;][vc_column_text]\n<h5>Groppo<\/h5>\n<p>Syst\u00e9m skladania kr\u00eddiel (Groppo Wing Folding System)[\/vc_column_text][\/vc_column_inner][\/vc_row_inner][\/vc_column][\/vc_row][vc_row equal_height=&#8220;yes&#8220; content_placement=&#8220;middle&#8220;][vc_column css_animation=&#8220;fadeIn&#8220;][vc_images_carousel images=&#8220;813,812,811,810,809,808,807,806,805,804,803,802,801,800,535,534,533,532,531,530,529,528,492,491,487,485,484,483,482,481,480,479,477&#8243; img_size=&#8220;1280&#215;600&#8243; autoplay=&#8220;yes&#8220; hide_pagination_control=&#8220;yes&#8220; hide_prev_next_buttons=&#8220;yes&#8220; wrap=&#8220;yes&#8220;][\/vc_column][\/vc_row]\n","protected":false},"excerpt":{"rendered":"<p>[vc_section][vc_row equal_height=&#8220;yes&#8220; content_placement=&#8220;middle&#8220;][vc_column width=&#8220;1\/3&#8243; el_class=&#8220;z-index&#8211;2&#8243;][vc_empty_space height=&#8220;4rem&#8220;][vc_video link=&#8220;https:\/\/www.youtube.com\/watch?v=8wKU5aVG_uM&#8220; css_animation=&#8220;fadeInLeft&#8220; el_class=&#8220;xtd-responsive-margin-negative&#8211;right-80&#8243;][vc_empty_space height=&#8220;2rem&#8220;][\/vc_column][vc_column width=&#8220;2\/3&#8243; css=&#8220;.vc_custom_1521565908570{border-top-width: 10px !important;border-right-width: 10px !important;border-bottom-width: 10px !important;border-left-width: 10px !important;border-left-color: #f4f3f1 !important;border-left-style: solid !important;border-right-color: #f4f3f1 !important;border-right-style: solid !important;border-top-color: #f4f3f1 !important;border-top-style: solid !important;border-bottom-color: #f4f3f1 !important;border-bottom-style: solid !important;}&#8220;][vc_row_inner][vc_column_inner width=&#8220;1\/2&#8243; offset=&#8220;vc_col-sm-offset-5&#8243;][vc_column_text] Groppo TRAIL Extr\u00e9mne kr\u00e1tky vzlet a prist\u00e1tie s motorom Rotax 914 (115 hp)[\/vc_column_text][\/vc_column_inner][\/vc_row_inner][\/vc_column][\/vc_row][\/vc_section][vc_section][vc_row equal_height=&#8220;yes&#8220; content_placement=&#8220;middle&#8220;][vc_column width=&#8220;2\/3&#8243; css=&#8220;.vc_custom_1616477323458{border-top-width: 10px !important;border-right-width: 10px !important;border-bottom-width: 10px [&hellip;]<\/p>\n","protected":false},"author":1,"featured_media":0,"parent":0,"menu_order":0,"comment_status":"closed","ping_status":"closed","template":"","meta":{"footnotes":""},"class_list":["post-319","page","type-page","status-publish","hentry"],"_links":{"self":[{"href":"https:\/\/www.gropposlovak.sk\/index.php?rest_route=\/wp\/v2\/pages\/319","targetHints":{"allow":["GET"]}}],"collection":[{"href":"https:\/\/www.gropposlovak.sk\/index.php?rest_route=\/wp\/v2\/pages"}],"about":[{"href":"https:\/\/www.gropposlovak.sk\/index.php?rest_route=\/wp\/v2\/types\/page"}],"author":[{"embeddable":true,"href":"https:\/\/www.gropposlovak.sk\/index.php?rest_route=\/wp\/v2\/users\/1"}],"replies":[{"embeddable":true,"href":"https:\/\/www.gropposlovak.sk\/index.php?rest_route=%2Fwp%2Fv2%2Fcomments&post=319"}],"version-history":[{"count":55,"href":"https:\/\/www.gropposlovak.sk\/index.php?rest_route=\/wp\/v2\/pages\/319\/revisions"}],"predecessor-version":[{"id":815,"href":"https:\/\/www.gropposlovak.sk\/index.php?rest_route=\/wp\/v2\/pages\/319\/revisions\/815"}],"wp:attachment":[{"href":"https:\/\/www.gropposlovak.sk\/index.php?rest_route=%2Fwp%2Fv2%2Fmedia&parent=319"}],"curies":[{"name":"wp","href":"https:\/\/api.w.org\/{rel}","templated":true}]}}