{"id":437,"date":"2018-03-17T13:56:29","date_gmt":"2018-03-17T13:56:29","guid":{"rendered":"http:\/\/demo.curlythemes.com\/private-jet\/?page_id=2"},"modified":"2021-10-31T15:22:49","modified_gmt":"2021-10-31T14:22:49","slug":"home","status":"publish","type":"page","link":"https:\/\/www.gropposlovak.sk\/","title":{"rendered":"Home"},"content":{"rendered":"[vc_section full_width=&#8220;stretch_row&#8220; full_height=&#8220;yes&#8220; content_placement=&#8220;middle&#8220; css=&#8220;.vc_custom_1616404555079{background-image: url(https:\/\/www.gropposlovak.sk\/wp-content\/uploads\/2021\/03\/IMG_2744.jpg?id=532) !important;background-position: center !important;background-repeat: no-repeat !important;background-size: cover !important;}&#8220;][vc_row el_class=&#8220;color&#8211;text-inverted xtd-text-shadow&#8211;small-normal&#8220;][vc_column offset=&#8220;vc_col-lg-offset-2 vc_col-lg-8 vc_col-md-offset-1 vc_col-md-10&#8243;][vc_empty_space height=&#8220;6rem&#8220;][vc_column_text]\n<h1 style=\"text-align: center;\">Celokovov\u00e9 LSA\/UL lietadl\u00e1<\/h1>\n[\/vc_column_text][\/vc_column][vc_column width=&#8220;5\/6&#8243; offset=&#8220;vc_col-lg-offset-2 vc_col-lg-8&#8243;][vc_column_text]\n<p class=\"lead\" style=\"text-align: center;\">Predstavujeme V\u00e1m na\u0161u ponuku celokovov\u00fdch LSA\/UL lietadiel v\u00fdrobcu Nando Groppo Aviazione, ktor\u00e9ho zastupujeme na \u00fazem\u00ed Slovenskej, \u010ceskej a Po\u013eskej republiky<\/p>\n[\/vc_column_text][\/vc_column][\/vc_row][\/vc_section][vc_section full_width=&#8220;stretch_row&#8220; css=&#8220;.vc_custom_1521321253464{background-color: #f5f3f1 !important;}&#8220;][vc_row][vc_column offset=&#8220;vc_col-lg-offset-2 vc_col-lg-8&#8243;][vc_column_text]\n<h2 class=\"special-title\" style=\"text-align: center;\">Nad\u010dasov\u00fd dizajn s osved\u010den\u00fdmi leteck\u00fdmi materi\u00e1lmi<\/h2>\n[\/vc_column_text][\/vc_column][\/vc_row][vc_row content_placement=&#8220;middle&#8220; curly_padding=&#8220;content-padding-none&#8220;][vc_column width=&#8220;1\/3&#8243;][vc_column_text css=&#8220;.vc_custom_1616404745841{margin-bottom: 4rem !important;}&#8220;]\n<h3 class=\"h4\">Kon\u0161trukcia a komfort<\/h3>\n<p>Kon\u0161trukcie z dielne sk\u00fasen\u00e9ho talianskeho leteck\u00e9ho kon\u0161trukt\u00e9ra sa vyzna\u010duj\u00fa premyslenou robustnou kon\u0161trukciou. Nad\u0161tandardn\u00fd komfort pre pos\u00e1dku ide ruka v ruke s vynikaj\u00facimi letov\u00fdmi vlastnos\u0165ami.<\/p>\n[\/vc_column_text][\/vc_column][vc_column width=&#8220;7\/12&#8243; offset=&#8220;vc_col-sm-offset-1&#8243;][vc_single_image image=&#8220;518&#8243; img_size=&#8220;large&#8220; style=&#8220;xtd-shadow&#8211;large-light&#8220; css_animation=&#8220;fadeInRight&#8220; el_class=&#8220;xtd-margin-negative&#8211;bottom-3&#8243; curly_width=&#8220;100%&#8220;][\/vc_column][\/vc_row][vc_row content_placement=&#8220;middle&#8220; css=&#8220;.vc_custom_1521323448636{padding-top: 0px !important;}&#8220;][vc_column width=&#8220;7\/12&#8243;][vc_single_image image=&#8220;490&#8243; img_size=&#8220;large&#8220; style=&#8220;xtd-shadow&#8211;large-light&#8220; css_animation=&#8220;fadeInLeft&#8220; el_class=&#8220;xtd-margin-negative&#8211;top-3&#8243; curly_width=&#8220;100%&#8220;][\/vc_column][vc_column width=&#8220;1\/3&#8243; offset=&#8220;vc_col-sm-offset-1&#8243;][vc_column_text css=&#8220;.vc_custom_1616405017730{margin-top: 4rem !important;}&#8220;]\n<h3 class=\"h4\">Bonus<\/h3>\n<p>Lietadl\u00e1 m\u00f4\u017eu by\u0165 vybaven\u00e9 unik\u00e1tnym mechanizmom pre r\u00fdchle skladanie kr\u00eddiel pre \u00fa\u010dely prepravy alebo \u00fasporn\u00e9ho skladovania. Pr\u00edprava na z\u00e1chrann\u00fd pad\u00e1kov\u00fd syst\u00e9m je s\u00fa\u010das\u0165ou \u0161tandardnej v\u00fdbavy.[\/vc_column_text][\/vc_column][\/vc_row][\/vc_section][vc_section][vc_row css=&#8220;.vc_custom_1521324582842{padding-bottom: 0px !important;}&#8220;][vc_column offset=&#8220;vc_col-lg-offset-2 vc_col-lg-8&#8243;][vc_column_text]\n<h2 class=\"special-title\" style=\"text-align: center;\">Groppo Trail a G70<\/h2>\n[\/vc_column_text][\/vc_column][\/vc_row][vc_row content_placement=&#8220;middle&#8220; css=&#8220;.vc_custom_1521323658113{padding-top: 0px !important;}&#8220;][vc_column width=&#8220;1\/4&#8243; el_class=&#8220;xtd-padding&#8211;right-3&#8243;][vc_column_text]\n<h5><strong>Nad\u010dasov\u00fd dizajn<\/strong><\/h5>\n<p>Nad\u010dasov\u00fd dizajn v kombin\u00e1ci\u00ed s osved\u010den\u00fdmi leteck\u00fdmi materi\u00e1lmi, premyslenou robustnou kon\u0161trukciou a nad\u0161tandardn\u00fd komfort pre pos\u00e1dku ide ruka v ruke s vynikaj\u00facimi letov\u00fdmi vlastnos\u0165ami.[\/vc_column_text][vc_empty_space height=&#8220;1rem&#8220;][vc_column_text]\n<h5><strong>Certifik\u00e1cie<\/strong><\/h5>\n<p>Lietadl\u00e1 od v\u00fdrobcu Nando Groppo Aviazione s\u00fa dr\u017eite\u013emi certifik\u00e1tov DULV (Nemecko), LAA (Ve\u013ek\u00e1 Brit\u00e1nia), DGAC (Franc\u00fazsko) a FAA (U.S.A.)[\/vc_column_text][\/vc_column][vc_column width=&#8220;1\/2&#8243;][vc_single_image image=&#8220;527&#8243; img_size=&#8220;large&#8220; css_animation=&#8220;fadeInUp&#8220;][\/vc_column][vc_column width=&#8220;1\/4&#8243; el_class=&#8220;xtd-padding&#8211;left-3&#8243;][vc_column_text]\n<h5><strong>R\u00fdchle skladanie kr\u00eddiel<\/strong><\/h5>\n<p>Obidva typy lietadiel m\u00f4\u017eu by\u0165 vybaven\u00e9 unik\u00e1tnym mechanizmom pre r\u00fdchle skladanie kr\u00eddiel[\/vc_column_text][vc_empty_space height=&#8220;4rem&#8220;][vc_column_text]\n<h5><strong>Volite\u013en\u00e9 doplnky<\/strong><\/h5>\n<p>Silnej\u0161\u00ed motor, vle\u010dn\u00e9 zariadenie, \u010di \u0161peci\u00e1lny podovozok[\/vc_column_text][\/vc_column][\/vc_row][\/vc_section]\n","protected":false},"excerpt":{"rendered":"<p>[vc_section full_width=&#8220;stretch_row&#8220; full_height=&#8220;yes&#8220; content_placement=&#8220;middle&#8220; css=&#8220;.vc_custom_1616404555079{background-image: url(https:\/\/www.gropposlovak.sk\/wp-content\/uploads\/2021\/03\/IMG_2744.jpg?id=532) !important;background-position: center !important;background-repeat: no-repeat !important;background-size: cover !important;}&#8220;][vc_row el_class=&#8220;color&#8211;text-inverted xtd-text-shadow&#8211;small-normal&#8220;][vc_column offset=&#8220;vc_col-lg-offset-2 vc_col-lg-8 vc_col-md-offset-1 vc_col-md-10&#8243;][vc_empty_space height=&#8220;6rem&#8220;][vc_column_text] Celokovov\u00e9 LSA\/UL lietadl\u00e1 [\/vc_column_text][\/vc_column][vc_column width=&#8220;5\/6&#8243; offset=&#8220;vc_col-lg-offset-2 vc_col-lg-8&#8243;][vc_column_text] Predstavujeme V\u00e1m na\u0161u ponuku celokovov\u00fdch LSA\/UL lietadiel v\u00fdrobcu Nando Groppo Aviazione, ktor\u00e9ho zastupujeme na \u00fazem\u00ed Slovenskej, \u010ceskej a Po\u013eskej republiky [\/vc_column_text][\/vc_column][\/vc_row][\/vc_section][vc_section full_width=&#8220;stretch_row&#8220; css=&#8220;.vc_custom_1521321253464{background-color: #f5f3f1 !important;}&#8220;][vc_row][vc_column offset=&#8220;vc_col-lg-offset-2 vc_col-lg-8&#8243;][vc_column_text] Nad\u010dasov\u00fd dizajn s osved\u010den\u00fdmi leteck\u00fdmi materi\u00e1lmi [&hellip;]<\/p>\n","protected":false},"author":1,"featured_media":0,"parent":0,"menu_order":0,"comment_status":"closed","ping_status":"closed","template":"","meta":{"footnotes":""},"class_list":["post-437","page","type-page","status-publish","hentry"],"_links":{"self":[{"href":"https:\/\/www.gropposlovak.sk\/index.php?rest_route=\/wp\/v2\/pages\/437","targetHints":{"allow":["GET"]}}],"collection":[{"href":"https:\/\/www.gropposlovak.sk\/index.php?rest_route=\/wp\/v2\/pages"}],"about":[{"href":"https:\/\/www.gropposlovak.sk\/index.php?rest_route=\/wp\/v2\/types\/page"}],"author":[{"embeddable":true,"href":"https:\/\/www.gropposlovak.sk\/index.php?rest_route=\/wp\/v2\/users\/1"}],"replies":[{"embeddable":true,"href":"https:\/\/www.gropposlovak.sk\/index.php?rest_route=%2Fwp%2Fv2%2Fcomments&post=437"}],"version-history":[{"count":32,"href":"https:\/\/www.gropposlovak.sk\/index.php?rest_route=\/wp\/v2\/pages\/437\/revisions"}],"predecessor-version":[{"id":785,"href":"https:\/\/www.gropposlovak.sk\/index.php?rest_route=\/wp\/v2\/pages\/437\/revisions\/785"}],"wp:attachment":[{"href":"https:\/\/www.gropposlovak.sk\/index.php?rest_route=%2Fwp%2Fv2%2Fmedia&parent=437"}],"curies":[{"name":"wp","href":"https:\/\/api.w.org\/{rel}","templated":true}]}}