{"id":587,"date":"2021-03-22T15:16:21","date_gmt":"2021-03-22T14:16:21","guid":{"rendered":"https:\/\/www.gropposlovak.sk\/?page_id=587"},"modified":"2021-04-16T08:24:54","modified_gmt":"2021-04-16T06:24:54","slug":"g70","status":"publish","type":"page","link":"https:\/\/www.gropposlovak.sk\/?page_id=587","title":{"rendered":"G70"},"content":{"rendered":"[vc_section css=&#8220;.vc_custom_1616594120877{padding-top: 10% !important;}&#8220;][vc_row equal_height=&#8220;yes&#8220; content_placement=&#8220;middle&#8220;][vc_column width=&#8220;1\/3&#8243; el_class=&#8220;z-index&#8211;2&#8243;][vc_column_text]\n<h2 class=\"special-title\"><img loading=\"lazy\" decoding=\"async\" class=\"alignnone wp-image-685\" src=\"https:\/\/www.gropposlovak.sk\/wp-content\/uploads\/2021\/03\/logo-300x160.png\" alt=\"\" width=\"175\" height=\"93\" srcset=\"https:\/\/www.gropposlovak.sk\/wp-content\/uploads\/2021\/03\/logo-300x160.png 300w, https:\/\/www.gropposlovak.sk\/wp-content\/uploads\/2021\/03\/logo-768x409.png 768w, https:\/\/www.gropposlovak.sk\/wp-content\/uploads\/2021\/03\/logo.png 940w\" sizes=\"auto, (max-width: 175px) 100vw, 175px\" \/><\/h2>\n[\/vc_column_text][vc_empty_space height=&#8220;2rem&#8220;][vc_images_carousel images=&#8220;473&#8243; img_size=&#8220;full&#8220; mode=&#8220;vertical&#8220; speed=&#8220;2500&#8243; autoplay=&#8220;yes&#8220; hide_pagination_control=&#8220;yes&#8220; hide_prev_next_buttons=&#8220;yes&#8220; partial_view=&#8220;yes&#8220; wrap=&#8220;yes&#8220; css_animation=&#8220;fadeInLeftBig&#8220; el_class=&#8220;xtd-responsive-margin-negative&#8211;right-80&#8243;][vc_empty_space height=&#8220;2rem&#8220;][vc_images_carousel images=&#8220;530,533,532,761&#8243; img_size=&#8220;full&#8220; mode=&#8220;vertical&#8220; speed=&#8220;2500&#8243; autoplay=&#8220;yes&#8220; hide_pagination_control=&#8220;yes&#8220; hide_prev_next_buttons=&#8220;yes&#8220; wrap=&#8220;yes&#8220; css_animation=&#8220;bounceInLeft&#8220; el_class=&#8220;xtd-responsive-margin-negative&#8211;right-80&#8243;][vc_empty_space height=&#8220;2rem&#8220;][\/vc_column][vc_column width=&#8220;2\/3&#8243; css=&#8220;.vc_custom_1521565908570{border-top-width: 10px !important;border-right-width: 10px !important;border-bottom-width: 10px !important;border-left-width: 10px !important;border-left-color: #f4f3f1 !important;border-left-style: solid !important;border-right-color: #f4f3f1 !important;border-right-style: solid !important;border-top-color: #f4f3f1 !important;border-top-style: solid !important;border-bottom-color: #f4f3f1 !important;border-bottom-style: solid !important;}&#8220;][vc_row_inner][vc_column_inner width=&#8220;3\/5&#8243; offset=&#8220;vc_col-sm-offset-5&#8243;][vc_column_text]\n<h4>\u0160pecifik\u00e1cie<\/h4>\n<table style=\"height: 297px;\" width=\"562\">\n<tbody>\n<tr>\n<td>Rozp\u00e4tie kr\u00eddla<\/td>\n<td><strong>8900 mm<\/strong><\/td>\n<\/tr>\n<tr>\n<td>Plocha kr\u00eddla<\/td>\n<td><strong>10.68 m2<\/strong><\/td>\n<\/tr>\n<tr>\n<td>Rozp\u00e4tie v\u00fd\u0161kovky<\/td>\n<td><strong>2740 mm<\/strong><\/td>\n<\/tr>\n<tr>\n<td>D\u013a\u017eka<\/td>\n<td><strong>6220 mm<\/strong><\/td>\n<\/tr>\n<tr>\n<td>Maxim\u00e1lna \u0161\u00edrka kab\u00edny<\/td>\n<td><strong>1220 mm<\/strong><\/td>\n<\/tr>\n<tr>\n<td>Rozchod kolies<\/td>\n<td><strong>1700 mm<\/strong><\/td>\n<\/tr>\n<tr>\n<td>Objem n\u00e1dr\u017e\u00ed na palivo &#8211; spolu<\/td>\n<td><strong>100 litrov<\/strong><\/td>\n<\/tr>\n<tr>\n<td>Pr\u00e1zdna hmotnos\u0165 vr\u00e1tane z\u00e1ch. syst\u00e9mu<\/td>\n<td><strong>297.5 Kg<\/strong><\/td>\n<\/tr>\n<tr>\n<td>MTOW<\/td>\n<td><strong>600 Kg<\/strong><\/td>\n<\/tr>\n<tr>\n<td>Cestovn\u00e1 r\u00fdchlos\u0165<\/td>\n<td><strong>190 km\/h<\/strong><\/td>\n<\/tr>\n<tr>\n<td>VNE<\/td>\n<td><strong>210 km\/h<\/strong><\/td>\n<\/tr>\n<tr>\n<td>P\u00e1dov\u00e1 r\u00fdchlos\u0165 &#8211; pln\u00e9 klapky<\/td>\n<td><strong>60 km\/h<\/strong><\/td>\n<\/tr>\n<tr>\n<td>R\u00fdchlos\u0165 st\u00fapania<\/td>\n<td><strong>4 m\/s<\/strong><\/td>\n<\/tr>\n<tr>\n<td>D\u013a\u017eka dr\u00e1hy pre vzlet<\/td>\n<td><strong>160 m<\/strong><\/td>\n<\/tr>\n<tr>\n<td>D\u013a\u017eka dr\u00e1hy pre prist\u00e1tie<\/td>\n<td><strong>160 m<\/strong><\/td>\n<\/tr>\n<tr>\n<td>Faktor medzn\u00e9ho za\u0165a\u017eenia<\/td>\n<td><strong>+4\/-2G<\/strong><\/td>\n<\/tr>\n<tr>\n<td>Hrani\u010dn\u00fd faktor za\u0165a\u017eenia<\/td>\n<td><strong>+6\/-4G<\/strong><\/td>\n<\/tr>\n<\/tbody>\n<\/table>\n[\/vc_column_text][\/vc_column_inner][\/vc_row_inner][\/vc_column][\/vc_row][\/vc_section][vc_section][vc_row curly_padding=&#8220;content-padding-xs&#8220;][vc_column offset=&#8220;vc_col-lg-offset-1 vc_col-lg-10&#8243;][vc_column_text]\n<h2 class=\"special-title\"><strong><span style=\"font-size: 1rem; font-weight: normal; letter-spacing: 0px; color: inherit; font-family: inherit;\">Preh\u013ead<\/span><br \/>\n<\/strong><\/h2>\n[\/vc_column_text][vc_column_text]\n<p class=\"lead\">R\u00f4zne mo\u017enosti motoriz\u00e1cie, avioniky a v\u00fdbavy s\u00fa len na vo\u013ebe z\u00e1kazn\u00edka. G70 je vysoko prisp\u00f4sobite\u013en\u00e9 lietadlo, ktor\u00e9 dok\u00e1\u017ee uspokoji\u0165 aj najn\u00e1ro\u010dnej\u0161\u00edch pilotov. G70 zdie\u013ea rovnak\u00fa DNA osved\u010den\u00e9ho syst\u00e9mu TRAIL.<\/p>\n[\/vc_column_text][vc_empty_space height=&#8220;2rem&#8220;][\/vc_column][vc_column width=&#8220;1\/2&#8243; offset=&#8220;vc_col-lg-offset-1 vc_col-lg-3&#8243;][vc_column_text]G70 je podobne ako TRAIL vzperov\u00fd, celokovov\u00fd hornoplo\u0161n\u00edk s pevn\u00fdm podvozkom s riaden\u00fdm predn\u00fdm kolesom (typ TG) s aerodynamick\u00fdmi krytmi kolies av\u0161ak v luxusnom preveden\u00ed s nad\u0161tandardnou \u0161\u00edrkou kab\u00edny v tejto triede[\/vc_column_text][vc_column_text]\n<h3>Vlastnosti<\/h3>\n[\/vc_column_text][vc_column_text]Jeho vynikaj\u00face aerodynamick\u00e9 vlastnosti umo\u017e\u0148uj\u00fa letie\u0165 r\u00fdchlos\u0165ou 100 kts, \u010do v kombin\u00e1cii s kapacitou paliva (100 litrov) rob\u00ed z modelu G70 vynikaj\u00faci cestovn\u00fd stroj.<\/p>\n<p>MTOW je 600 kg. Drak lietadla je kompletne vyroben\u00fd z kovu s oce\u013eov\u00fdm stredov\u00fdm r\u00e1mom a trup, kr\u00eddla a chvostov\u00e9 plochy s\u00fa vyroben\u00e9 z leteck\u00e9ho hlin\u00edka.<\/p>\n<p>Navy\u0161e volite\u013en\u00fd syst\u00e9m skladania kr\u00eddiel Groppo Wing umo\u017e\u0148uje lietadlo \u013eahko skladova\u0165 a prepravova\u0165.[\/vc_column_text][\/vc_column][vc_column width=&#8220;1\/2&#8243; offset=&#8220;vc_col-sm-offset-1&#8243;][vc_single_image image=&#8220;474&#8243; img_size=&#8220;full&#8220; style=&#8220;xtd-shadow&#8211;large-light&#8220;][vc_empty_space height=&#8220;2rem&#8220;][vc_row_inner][vc_column_inner width=&#8220;2\/3&#8243;][vc_column_text]\n<h3>Komfort<\/h3>\n[\/vc_column_text][vc_column_text]Sedadl\u00e1 s\u00fa v usporiadan\u00ed ved\u013ea seba so zdvojen\u00fdm riaden\u00edm. Interi\u00e9r a vybavenie modelu G70 je mo\u017en\u00e9 \u00faplne prisp\u00f4sobi\u0165 pod\u013ea v\u00e1\u0161ho vkusu a t\u00fa\u017eob po pohodl\u00ed a do konfigur\u00e1cie v\u00e1\u0161ho kokpitu mo\u017eno zahrn\u00fa\u0165 najmodernej\u0161ie avionick\u00e9 vybavenie dostupn\u00e9 na trhu.[\/vc_column_text][\/vc_column_inner][\/vc_row_inner][\/vc_column][\/vc_row][\/vc_section]\n","protected":false},"excerpt":{"rendered":"<p>[vc_section css=&#8220;.vc_custom_1616594120877{padding-top: 10% !important;}&#8220;][vc_row equal_height=&#8220;yes&#8220; content_placement=&#8220;middle&#8220;][vc_column width=&#8220;1\/3&#8243; el_class=&#8220;z-index&#8211;2&#8243;][vc_column_text] [\/vc_column_text][vc_empty_space height=&#8220;2rem&#8220;][vc_images_carousel images=&#8220;473&#8243; img_size=&#8220;full&#8220; mode=&#8220;vertical&#8220; speed=&#8220;2500&#8243; autoplay=&#8220;yes&#8220; hide_pagination_control=&#8220;yes&#8220; hide_prev_next_buttons=&#8220;yes&#8220; partial_view=&#8220;yes&#8220; wrap=&#8220;yes&#8220; css_animation=&#8220;fadeInLeftBig&#8220; el_class=&#8220;xtd-responsive-margin-negative&#8211;right-80&#8243;][vc_empty_space height=&#8220;2rem&#8220;][vc_images_carousel images=&#8220;530,533,532,761&#8243; img_size=&#8220;full&#8220; mode=&#8220;vertical&#8220; speed=&#8220;2500&#8243; autoplay=&#8220;yes&#8220; hide_pagination_control=&#8220;yes&#8220; hide_prev_next_buttons=&#8220;yes&#8220; wrap=&#8220;yes&#8220; css_animation=&#8220;bounceInLeft&#8220; el_class=&#8220;xtd-responsive-margin-negative&#8211;right-80&#8243;][vc_empty_space height=&#8220;2rem&#8220;][\/vc_column][vc_column width=&#8220;2\/3&#8243; css=&#8220;.vc_custom_1521565908570{border-top-width: 10px !important;border-right-width: 10px !important;border-bottom-width: 10px !important;border-left-width: 10px !important;border-left-color: #f4f3f1 !important;border-left-style: solid !important;border-right-color: #f4f3f1 !important;border-right-style: solid !important;border-top-color: #f4f3f1 !important;border-top-style: solid !important;border-bottom-color: #f4f3f1 !important;border-bottom-style: solid !important;}&#8220;][vc_row_inner][vc_column_inner width=&#8220;3\/5&#8243; [&hellip;]<\/p>\n","protected":false},"author":1,"featured_media":0,"parent":0,"menu_order":0,"comment_status":"closed","ping_status":"closed","template":"","meta":{"footnotes":""},"class_list":["post-587","page","type-page","status-publish","hentry"],"_links":{"self":[{"href":"https:\/\/www.gropposlovak.sk\/index.php?rest_route=\/wp\/v2\/pages\/587","targetHints":{"allow":["GET"]}}],"collection":[{"href":"https:\/\/www.gropposlovak.sk\/index.php?rest_route=\/wp\/v2\/pages"}],"about":[{"href":"https:\/\/www.gropposlovak.sk\/index.php?rest_route=\/wp\/v2\/types\/page"}],"author":[{"embeddable":true,"href":"https:\/\/www.gropposlovak.sk\/index.php?rest_route=\/wp\/v2\/users\/1"}],"replies":[{"embeddable":true,"href":"https:\/\/www.gropposlovak.sk\/index.php?rest_route=%2Fwp%2Fv2%2Fcomments&post=587"}],"version-history":[{"count":15,"href":"https:\/\/www.gropposlovak.sk\/index.php?rest_route=\/wp\/v2\/pages\/587\/revisions"}],"predecessor-version":[{"id":774,"href":"https:\/\/www.gropposlovak.sk\/index.php?rest_route=\/wp\/v2\/pages\/587\/revisions\/774"}],"wp:attachment":[{"href":"https:\/\/www.gropposlovak.sk\/index.php?rest_route=%2Fwp%2Fv2%2Fmedia&parent=587"}],"curies":[{"name":"wp","href":"https:\/\/api.w.org\/{rel}","templated":true}]}}